{"id":58,"date":"2018-07-08T16:00:48","date_gmt":"2018-07-08T16:00:48","guid":{"rendered":"http:\/\/moujique.savana-hosting.cz\/martinskalicky.cz\/?page_id=58"},"modified":"2020-02-18T08:54:14","modified_gmt":"2020-02-18T08:54:14","slug":"mor-amor-ge","status":"publish","type":"page","link":"https:\/\/www.martin-skalicky.cz\/?page_id=58","title":{"rendered":"mor.amor.ge"},"content":{"rendered":"<div id=\"envira-gallery-wrap-86\" class=\"envira-gallery-wrap envira-gallery-theme-base envira-lightbox-theme-base\" itemscope itemtype=\"https:\/\/schema.org\/ImageGallery\"><div data-row-height=\"150\" data-gallery-theme=\"normal\" id=\"envira-gallery-86\" class=\"envira-gallery-public envira-gallery-justified-public envira-gallery-0-columns envira-clear enviratope envira-gallery-css-animations\" data-envira-columns=\"0\"><div id=\"envira-gallery-item-87\" class=\"envira-gallery-item enviratope-item envira-gallery-item-1 envira-lazy-load\" style=\"padding-left: 5px; padding-bottom: 10px; padding-right: 5px;\"  itemscope itemtype=\"https:\/\/schema.org\/ImageObject\"><div class=\"envira-gallery-item-inner\"><div class=\"envira-gallery-position-overlay  envira-gallery-top-left\"><\/div><div class=\"envira-gallery-position-overlay  envira-gallery-top-right\"><\/div><div class=\"envira-gallery-position-overlay  envira-gallery-bottom-left\"><\/div><div class=\"envira-gallery-position-overlay  envira-gallery-bottom-right\"><\/div><a href=\"http:\/\/moujique.savana-hosting.cz\/martinskalicky.cz\/wp-content\/uploads\/2018\/07\/moramorge004_1600x900ms.jpg\" class=\"envira-gallery-86 envira-gallery-link\" rel=\"enviragallery86\" title=\"mor. amor. ge. 2016, 210 cm\" data-envira-caption=\"mor. amor. ge. 2016, 210 cm\" data-envira-retina=\"\" data-thumbnail=\"\"  itemprop=\"contentUrl\"><img decoding=\"async\" id=\"envira-gallery-image-87\" class=\"envira-gallery-image envira-gallery-image-1 envira-normal envira-lazy\" data-envira-index=\"1\" src=\"https:\/\/www.martin-skalicky.cz\/wp-content\/uploads\/2018\/07\/moramorge004_1600x900ms-640x480.jpg\" data-envira-src=\"https:\/\/www.martin-skalicky.cz\/wp-content\/uploads\/2018\/07\/moramorge004_1600x900ms-640x480.jpg\" data-envira-gallery-id=\"86\" data-envira-item-id=\"87\" data-envira-caption=\"mor. amor. ge. 2016, 210 cm\" alt=\"\" title=\"mor. amor. ge. 2016, 210 cm\"  itemprop=\"thumbnailUrl\" data-envira-srcset=\"https:\/\/www.martin-skalicky.cz\/wp-content\/uploads\/2018\/07\/moramorge004_1600x900ms-640x480.jpg 400w,https:\/\/www.martin-skalicky.cz\/wp-content\/uploads\/2018\/07\/moramorge004_1600x900ms-640x480.jpg 2x\" data-envira-width=\"200\" data-envira-height=\"300\" srcset=\"data:image\/gif;base64,R0lGODlhAQABAIAAAP\/\/\/\/\/\/\/yH5BAEKAAEALAAAAAABAAEAAAICTAEAOw==\" data-safe-src=\"data:image\/gif;base64,R0lGODlhAQABAIAAAP\/\/\/\/\/\/\/yH5BAEKAAEALAAAAAABAAEAAAICTAEAOw==\" \/><\/a><\/div><\/div><div id=\"envira-gallery-item-88\" class=\"envira-gallery-item enviratope-item envira-gallery-item-2 envira-lazy-load\" style=\"padding-left: 5px; padding-bottom: 10px; padding-right: 5px;\"  itemscope itemtype=\"https:\/\/schema.org\/ImageObject\"><div class=\"envira-gallery-item-inner\"><div class=\"envira-gallery-position-overlay  envira-gallery-top-left\"><\/div><div class=\"envira-gallery-position-overlay  envira-gallery-top-right\"><\/div><div class=\"envira-gallery-position-overlay  envira-gallery-bottom-left\"><\/div><div class=\"envira-gallery-position-overlay  envira-gallery-bottom-right\"><\/div><a href=\"http:\/\/moujique.savana-hosting.cz\/martinskalicky.cz\/wp-content\/uploads\/2018\/07\/moramorge005_1600x900ms.jpg\" class=\"envira-gallery-86 envira-gallery-link\" rel=\"enviragallery86\" title=\"mor. amor. ge. 2016\" data-envira-caption=\"mor. amor. ge. 2016\" data-envira-retina=\"\" data-thumbnail=\"\"  itemprop=\"contentUrl\"><img decoding=\"async\" id=\"envira-gallery-image-88\" class=\"envira-gallery-image envira-gallery-image-2 envira-normal envira-lazy\" data-envira-index=\"2\" src=\"https:\/\/www.martin-skalicky.cz\/wp-content\/uploads\/2018\/07\/moramorge005_1600x900ms-1024x684-640x480.jpg\" data-envira-src=\"https:\/\/www.martin-skalicky.cz\/wp-content\/uploads\/2018\/07\/moramorge005_1600x900ms-1024x684-640x480.jpg\" data-envira-gallery-id=\"86\" data-envira-item-id=\"88\" data-envira-caption=\"mor. amor. ge. 2016\" alt=\"210 cm\" title=\"mor. amor. ge. 2016\"  itemprop=\"thumbnailUrl\" data-envira-srcset=\"https:\/\/www.martin-skalicky.cz\/wp-content\/uploads\/2018\/07\/moramorge005_1600x900ms-1024x684-640x480.jpg 400w,https:\/\/www.martin-skalicky.cz\/wp-content\/uploads\/2018\/07\/moramorge005_1600x900ms-1024x684-640x480.jpg 2x\" data-envira-width=\"300\" data-envira-height=\"200\" srcset=\"data:image\/gif;base64,R0lGODlhAQABAIAAAP\/\/\/\/\/\/\/yH5BAEKAAEALAAAAAABAAEAAAICTAEAOw==\" data-safe-src=\"data:image\/gif;base64,R0lGODlhAQABAIAAAP\/\/\/\/\/\/\/yH5BAEKAAEALAAAAAABAAEAAAICTAEAOw==\" \/><\/a><\/div><\/div><div id=\"envira-gallery-item-89\" class=\"envira-gallery-item enviratope-item envira-gallery-item-3 envira-lazy-load\" style=\"padding-left: 5px; padding-bottom: 10px; padding-right: 5px;\"  itemscope itemtype=\"https:\/\/schema.org\/ImageObject\"><div class=\"envira-gallery-item-inner\"><div class=\"envira-gallery-position-overlay  envira-gallery-top-left\"><\/div><div class=\"envira-gallery-position-overlay  envira-gallery-top-right\"><\/div><div class=\"envira-gallery-position-overlay  envira-gallery-bottom-left\"><\/div><div class=\"envira-gallery-position-overlay  envira-gallery-bottom-right\"><\/div><a href=\"http:\/\/moujique.savana-hosting.cz\/martinskalicky.cz\/wp-content\/uploads\/2018\/07\/moramorge006_1600x900ms.jpg\" class=\"envira-gallery-86 envira-gallery-link\" rel=\"enviragallery86\" title=\"mor. amor. ge. 2016, 210 cm\" data-envira-caption=\"mor. amor. ge. 2016, 210 cm\" data-envira-retina=\"\" data-thumbnail=\"\"  itemprop=\"contentUrl\"><img decoding=\"async\" id=\"envira-gallery-image-89\" class=\"envira-gallery-image envira-gallery-image-3 envira-normal envira-lazy\" data-envira-index=\"3\" src=\"https:\/\/www.martin-skalicky.cz\/wp-content\/uploads\/2018\/07\/moramorge006_1600x900ms-640x480.jpg\" data-envira-src=\"https:\/\/www.martin-skalicky.cz\/wp-content\/uploads\/2018\/07\/moramorge006_1600x900ms-640x480.jpg\" data-envira-gallery-id=\"86\" data-envira-item-id=\"89\" data-envira-caption=\"mor. amor. ge. 2016, 210 cm\" alt=\"\" title=\"mor. amor. ge. 2016, 210 cm\"  itemprop=\"thumbnailUrl\" data-envira-srcset=\"https:\/\/www.martin-skalicky.cz\/wp-content\/uploads\/2018\/07\/moramorge006_1600x900ms-640x480.jpg 400w,https:\/\/www.martin-skalicky.cz\/wp-content\/uploads\/2018\/07\/moramorge006_1600x900ms-640x480.jpg 2x\" data-envira-width=\"200\" data-envira-height=\"300\" srcset=\"data:image\/gif;base64,R0lGODlhAQABAIAAAP\/\/\/\/\/\/\/yH5BAEKAAEALAAAAAABAAEAAAICTAEAOw==\" data-safe-src=\"data:image\/gif;base64,R0lGODlhAQABAIAAAP\/\/\/\/\/\/\/yH5BAEKAAEALAAAAAABAAEAAAICTAEAOw==\" \/><\/a><\/div><\/div><div id=\"envira-gallery-item-90\" class=\"envira-gallery-item enviratope-item envira-gallery-item-4 envira-lazy-load\" style=\"padding-left: 5px; padding-bottom: 10px; padding-right: 5px;\"  itemscope itemtype=\"https:\/\/schema.org\/ImageObject\"><div class=\"envira-gallery-item-inner\"><div class=\"envira-gallery-position-overlay  envira-gallery-top-left\"><\/div><div class=\"envira-gallery-position-overlay  envira-gallery-top-right\"><\/div><div class=\"envira-gallery-position-overlay  envira-gallery-bottom-left\"><\/div><div class=\"envira-gallery-position-overlay  envira-gallery-bottom-right\"><\/div><a href=\"http:\/\/moujique.savana-hosting.cz\/martinskalicky.cz\/wp-content\/uploads\/2018\/07\/moramorge009_1600x900ms.jpg\" class=\"envira-gallery-86 envira-gallery-link\" rel=\"enviragallery86\" title=\"mor. amor. ge. 2016\" data-envira-caption=\"mor. amor. ge. 2016\" data-envira-retina=\"\" data-thumbnail=\"\"  itemprop=\"contentUrl\"><img decoding=\"async\" id=\"envira-gallery-image-90\" class=\"envira-gallery-image envira-gallery-image-4 envira-normal envira-lazy\" data-envira-index=\"4\" src=\"https:\/\/www.martin-skalicky.cz\/wp-content\/uploads\/2018\/07\/moramorge009_1600x900ms-640x480.jpg\" data-envira-src=\"https:\/\/www.martin-skalicky.cz\/wp-content\/uploads\/2018\/07\/moramorge009_1600x900ms-640x480.jpg\" data-envira-gallery-id=\"86\" data-envira-item-id=\"90\" data-envira-caption=\"mor. amor. ge. 2016\" alt=\"temn\u00fd d\u00e9mon, adolescen. temno\" title=\"mor. amor. ge. 2016\"  itemprop=\"thumbnailUrl\" data-envira-srcset=\"https:\/\/www.martin-skalicky.cz\/wp-content\/uploads\/2018\/07\/moramorge009_1600x900ms-640x480.jpg 400w,https:\/\/www.martin-skalicky.cz\/wp-content\/uploads\/2018\/07\/moramorge009_1600x900ms-640x480.jpg 2x\" data-envira-width=\"200\" data-envira-height=\"300\" srcset=\"data:image\/gif;base64,R0lGODlhAQABAIAAAP\/\/\/\/\/\/\/yH5BAEKAAEALAAAAAABAAEAAAICTAEAOw==\" data-safe-src=\"data:image\/gif;base64,R0lGODlhAQABAIAAAP\/\/\/\/\/\/\/yH5BAEKAAEALAAAAAABAAEAAAICTAEAOw==\" \/><\/a><\/div><\/div><div id=\"envira-gallery-item-91\" class=\"envira-gallery-item enviratope-item envira-gallery-item-5 envira-lazy-load\" style=\"padding-left: 5px; padding-bottom: 10px; padding-right: 5px;\"  itemscope itemtype=\"https:\/\/schema.org\/ImageObject\"><div class=\"envira-gallery-item-inner\"><div class=\"envira-gallery-position-overlay  envira-gallery-top-left\"><\/div><div class=\"envira-gallery-position-overlay  envira-gallery-top-right\"><\/div><div class=\"envira-gallery-position-overlay  envira-gallery-bottom-left\"><\/div><div class=\"envira-gallery-position-overlay  envira-gallery-bottom-right\"><\/div><a href=\"http:\/\/moujique.savana-hosting.cz\/martinskalicky.cz\/wp-content\/uploads\/2018\/07\/moramorge014_1600x900ms.jpg\" class=\"envira-gallery-86 envira-gallery-link\" rel=\"enviragallery86\" title=\"mor. amor. ge. 2016\" data-envira-caption=\"mor. amor. ge. 2016\" data-envira-retina=\"\" data-thumbnail=\"\"  itemprop=\"contentUrl\"><img decoding=\"async\" id=\"envira-gallery-image-91\" class=\"envira-gallery-image envira-gallery-image-5 envira-normal envira-lazy\" data-envira-index=\"5\" src=\"https:\/\/www.martin-skalicky.cz\/wp-content\/uploads\/2018\/07\/moramorge014_1600x900ms-640x480.jpg\" data-envira-src=\"https:\/\/www.martin-skalicky.cz\/wp-content\/uploads\/2018\/07\/moramorge014_1600x900ms-640x480.jpg\" data-envira-gallery-id=\"86\" data-envira-item-id=\"91\" data-envira-caption=\"mor. amor. ge. 2016\" alt=\"\" title=\"mor. amor. ge. 2016\"  itemprop=\"thumbnailUrl\" data-envira-srcset=\"https:\/\/www.martin-skalicky.cz\/wp-content\/uploads\/2018\/07\/moramorge014_1600x900ms-640x480.jpg 400w,https:\/\/www.martin-skalicky.cz\/wp-content\/uploads\/2018\/07\/moramorge014_1600x900ms-640x480.jpg 2x\" data-envira-width=\"200\" data-envira-height=\"300\" srcset=\"data:image\/gif;base64,R0lGODlhAQABAIAAAP\/\/\/\/\/\/\/yH5BAEKAAEALAAAAAABAAEAAAICTAEAOw==\" data-safe-src=\"data:image\/gif;base64,R0lGODlhAQABAIAAAP\/\/\/\/\/\/\/yH5BAEKAAEALAAAAAABAAEAAAICTAEAOw==\" \/><\/a><\/div><\/div><div id=\"envira-gallery-item-92\" class=\"envira-gallery-item enviratope-item envira-gallery-item-6 envira-lazy-load\" style=\"padding-left: 5px; padding-bottom: 10px; padding-right: 5px;\"  itemscope itemtype=\"https:\/\/schema.org\/ImageObject\"><div class=\"envira-gallery-item-inner\"><div class=\"envira-gallery-position-overlay  envira-gallery-top-left\"><\/div><div class=\"envira-gallery-position-overlay  envira-gallery-top-right\"><\/div><div class=\"envira-gallery-position-overlay  envira-gallery-bottom-left\"><\/div><div class=\"envira-gallery-position-overlay  envira-gallery-bottom-right\"><\/div><a href=\"http:\/\/moujique.savana-hosting.cz\/martinskalicky.cz\/wp-content\/uploads\/2018\/07\/moramorge017_1600x900ms.jpg\" class=\"envira-gallery-86 envira-gallery-link\" rel=\"enviragallery86\" title=\"mor. amor. ge. 2016\" data-envira-caption=\"mor. amor. ge. 2016\" data-envira-retina=\"\" data-thumbnail=\"\"  itemprop=\"contentUrl\"><img decoding=\"async\" id=\"envira-gallery-image-92\" class=\"envira-gallery-image envira-gallery-image-6 envira-normal envira-lazy\" data-envira-index=\"6\" src=\"https:\/\/www.martin-skalicky.cz\/wp-content\/uploads\/2018\/07\/moramorge017_1600x900ms-640x480.jpg\" data-envira-src=\"https:\/\/www.martin-skalicky.cz\/wp-content\/uploads\/2018\/07\/moramorge017_1600x900ms-640x480.jpg\" data-envira-gallery-id=\"86\" data-envira-item-id=\"92\" data-envira-caption=\"mor. amor. ge. 2016\" alt=\"\" title=\"mor. amor. ge. 2016\"  itemprop=\"thumbnailUrl\" data-envira-srcset=\"https:\/\/www.martin-skalicky.cz\/wp-content\/uploads\/2018\/07\/moramorge017_1600x900ms-640x480.jpg 400w,https:\/\/www.martin-skalicky.cz\/wp-content\/uploads\/2018\/07\/moramorge017_1600x900ms-640x480.jpg 2x\" data-envira-width=\"200\" data-envira-height=\"300\" srcset=\"data:image\/gif;base64,R0lGODlhAQABAIAAAP\/\/\/\/\/\/\/yH5BAEKAAEALAAAAAABAAEAAAICTAEAOw==\" data-safe-src=\"data:image\/gif;base64,R0lGODlhAQABAIAAAP\/\/\/\/\/\/\/yH5BAEKAAEALAAAAAABAAEAAAICTAEAOw==\" \/><\/a><\/div><\/div><div id=\"envira-gallery-item-93\" class=\"envira-gallery-item enviratope-item envira-gallery-item-7 envira-lazy-load\" style=\"padding-left: 5px; padding-bottom: 10px; padding-right: 5px;\"  itemscope itemtype=\"https:\/\/schema.org\/ImageObject\"><div class=\"envira-gallery-item-inner\"><div class=\"envira-gallery-position-overlay  envira-gallery-top-left\"><\/div><div class=\"envira-gallery-position-overlay  envira-gallery-top-right\"><\/div><div class=\"envira-gallery-position-overlay  envira-gallery-bottom-left\"><\/div><div class=\"envira-gallery-position-overlay  envira-gallery-bottom-right\"><\/div><a href=\"http:\/\/moujique.savana-hosting.cz\/martinskalicky.cz\/wp-content\/uploads\/2018\/07\/moramorge020_1600x900ms.jpg\" class=\"envira-gallery-86 envira-gallery-link\" rel=\"enviragallery86\" title=\"mor. amor. ge. 2016\" data-envira-caption=\"mor. amor. ge. 2016\" data-envira-retina=\"\" data-thumbnail=\"\"  itemprop=\"contentUrl\"><img decoding=\"async\" id=\"envira-gallery-image-93\" class=\"envira-gallery-image envira-gallery-image-7 envira-normal envira-lazy\" data-envira-index=\"7\" src=\"https:\/\/www.martin-skalicky.cz\/wp-content\/uploads\/2018\/07\/moramorge020_1600x900ms-1024x684-640x480.jpg\" data-envira-src=\"https:\/\/www.martin-skalicky.cz\/wp-content\/uploads\/2018\/07\/moramorge020_1600x900ms-1024x684-640x480.jpg\" data-envira-gallery-id=\"86\" data-envira-item-id=\"93\" data-envira-caption=\"mor. amor. ge. 2016\" alt=\"\" title=\"mor. amor. ge. 2016\"  itemprop=\"thumbnailUrl\" data-envira-srcset=\"https:\/\/www.martin-skalicky.cz\/wp-content\/uploads\/2018\/07\/moramorge020_1600x900ms-1024x684-640x480.jpg 400w,https:\/\/www.martin-skalicky.cz\/wp-content\/uploads\/2018\/07\/moramorge020_1600x900ms-1024x684-640x480.jpg 2x\" data-envira-width=\"300\" data-envira-height=\"200\" srcset=\"data:image\/gif;base64,R0lGODlhAQABAIAAAP\/\/\/\/\/\/\/yH5BAEKAAEALAAAAAABAAEAAAICTAEAOw==\" data-safe-src=\"data:image\/gif;base64,R0lGODlhAQABAIAAAP\/\/\/\/\/\/\/yH5BAEKAAEALAAAAAABAAEAAAICTAEAOw==\" \/><\/a><\/div><\/div><div id=\"envira-gallery-item-94\" class=\"envira-gallery-item enviratope-item envira-gallery-item-8 envira-lazy-load\" style=\"padding-left: 5px; padding-bottom: 10px; padding-right: 5px;\"  itemscope itemtype=\"https:\/\/schema.org\/ImageObject\"><div class=\"envira-gallery-item-inner\"><div class=\"envira-gallery-position-overlay  envira-gallery-top-left\"><\/div><div class=\"envira-gallery-position-overlay  envira-gallery-top-right\"><\/div><div class=\"envira-gallery-position-overlay  envira-gallery-bottom-left\"><\/div><div class=\"envira-gallery-position-overlay  envira-gallery-bottom-right\"><\/div><a href=\"http:\/\/moujique.savana-hosting.cz\/martinskalicky.cz\/wp-content\/uploads\/2018\/07\/moramorge025_1600x900ms.jpg\" class=\"envira-gallery-86 envira-gallery-link\" rel=\"enviragallery86\" title=\"mor. amor. ge. 2016 (\u010d&iacute;nsk&yacute; motiv)\" data-envira-caption=\"mor. amor. ge. 2016 (\u010d&iacute;nsk&yacute; motiv)\" data-envira-retina=\"\" data-thumbnail=\"\"  itemprop=\"contentUrl\"><img decoding=\"async\" id=\"envira-gallery-image-94\" class=\"envira-gallery-image envira-gallery-image-8 envira-normal envira-lazy\" data-envira-index=\"8\" src=\"https:\/\/www.martin-skalicky.cz\/wp-content\/uploads\/2018\/07\/moramorge025_1600x900ms-640x480.jpg\" data-envira-src=\"https:\/\/www.martin-skalicky.cz\/wp-content\/uploads\/2018\/07\/moramorge025_1600x900ms-640x480.jpg\" data-envira-gallery-id=\"86\" data-envira-item-id=\"94\" data-envira-caption=\"mor. amor. ge. 2016 (\u010d&iacute;nsk&yacute; motiv)\" alt=\"\" title=\"mor. amor. ge. 2016 (\u010d\u00ednsk\u00fd motiv)\"  itemprop=\"thumbnailUrl\" data-envira-srcset=\"https:\/\/www.martin-skalicky.cz\/wp-content\/uploads\/2018\/07\/moramorge025_1600x900ms-640x480.jpg 400w,https:\/\/www.martin-skalicky.cz\/wp-content\/uploads\/2018\/07\/moramorge025_1600x900ms-640x480.jpg 2x\" data-envira-width=\"200\" data-envira-height=\"300\" srcset=\"data:image\/gif;base64,R0lGODlhAQABAIAAAP\/\/\/\/\/\/\/yH5BAEKAAEALAAAAAABAAEAAAICTAEAOw==\" data-safe-src=\"data:image\/gif;base64,R0lGODlhAQABAIAAAP\/\/\/\/\/\/\/yH5BAEKAAEALAAAAAABAAEAAAICTAEAOw==\" \/><\/a><\/div><\/div><div id=\"envira-gallery-item-95\" class=\"envira-gallery-item enviratope-item envira-gallery-item-9 envira-lazy-load\" style=\"padding-left: 5px; padding-bottom: 10px; padding-right: 5px;\"  itemscope itemtype=\"https:\/\/schema.org\/ImageObject\"><div class=\"envira-gallery-item-inner\"><div class=\"envira-gallery-position-overlay  envira-gallery-top-left\"><\/div><div class=\"envira-gallery-position-overlay  envira-gallery-top-right\"><\/div><div class=\"envira-gallery-position-overlay  envira-gallery-bottom-left\"><\/div><div class=\"envira-gallery-position-overlay  envira-gallery-bottom-right\"><\/div><a href=\"http:\/\/moujique.savana-hosting.cz\/martinskalicky.cz\/wp-content\/uploads\/2018\/07\/moramorge027_1600x900ms.jpg\" class=\"envira-gallery-86 envira-gallery-link\" rel=\"enviragallery86\" title=\"mor. amor. ge. 2016\" data-envira-caption=\"mor. amor. ge. 2016\" data-envira-retina=\"\" data-thumbnail=\"\"  itemprop=\"contentUrl\"><img decoding=\"async\" id=\"envira-gallery-image-95\" class=\"envira-gallery-image envira-gallery-image-9 envira-normal envira-lazy\" data-envira-index=\"9\" src=\"https:\/\/www.martin-skalicky.cz\/wp-content\/uploads\/2018\/07\/moramorge027_1600x900ms-1024x684-640x480.jpg\" data-envira-src=\"https:\/\/www.martin-skalicky.cz\/wp-content\/uploads\/2018\/07\/moramorge027_1600x900ms-1024x684-640x480.jpg\" data-envira-gallery-id=\"86\" data-envira-item-id=\"95\" data-envira-caption=\"mor. amor. ge. 2016\" alt=\"\" title=\"mor. amor. ge. 2016\"  itemprop=\"thumbnailUrl\" data-envira-srcset=\"https:\/\/www.martin-skalicky.cz\/wp-content\/uploads\/2018\/07\/moramorge027_1600x900ms-1024x684-640x480.jpg 400w,https:\/\/www.martin-skalicky.cz\/wp-content\/uploads\/2018\/07\/moramorge027_1600x900ms-1024x684-640x480.jpg 2x\" data-envira-width=\"300\" data-envira-height=\"200\" srcset=\"data:image\/gif;base64,R0lGODlhAQABAIAAAP\/\/\/\/\/\/\/yH5BAEKAAEALAAAAAABAAEAAAICTAEAOw==\" data-safe-src=\"data:image\/gif;base64,R0lGODlhAQABAIAAAP\/\/\/\/\/\/\/yH5BAEKAAEALAAAAAABAAEAAAICTAEAOw==\" \/><\/a><\/div><\/div><div id=\"envira-gallery-item-96\" class=\"envira-gallery-item enviratope-item envira-gallery-item-10 envira-lazy-load\" style=\"padding-left: 5px; padding-bottom: 10px; padding-right: 5px;\"  itemscope itemtype=\"https:\/\/schema.org\/ImageObject\"><div class=\"envira-gallery-item-inner\"><div class=\"envira-gallery-position-overlay  envira-gallery-top-left\"><\/div><div class=\"envira-gallery-position-overlay  envira-gallery-top-right\"><\/div><div class=\"envira-gallery-position-overlay  envira-gallery-bottom-left\"><\/div><div class=\"envira-gallery-position-overlay  envira-gallery-bottom-right\"><\/div><a href=\"http:\/\/moujique.savana-hosting.cz\/martinskalicky.cz\/wp-content\/uploads\/2018\/07\/moramorge030_1600x900ms.jpg\" class=\"envira-gallery-86 envira-gallery-link\" rel=\"enviragallery86\" title=\"mor. amor. ge. 2016\" data-envira-caption=\"mor. amor. ge. 2016\" data-envira-retina=\"\" data-thumbnail=\"\"  itemprop=\"contentUrl\"><img decoding=\"async\" id=\"envira-gallery-image-96\" class=\"envira-gallery-image envira-gallery-image-10 envira-normal envira-lazy\" data-envira-index=\"10\" src=\"https:\/\/www.martin-skalicky.cz\/wp-content\/uploads\/2018\/07\/moramorge030_1600x900ms-1024x684-640x480.jpg\" data-envira-src=\"https:\/\/www.martin-skalicky.cz\/wp-content\/uploads\/2018\/07\/moramorge030_1600x900ms-1024x684-640x480.jpg\" data-envira-gallery-id=\"86\" data-envira-item-id=\"96\" data-envira-caption=\"mor. amor. ge. 2016\" alt=\"\" title=\"mor. amor. ge. 2016\"  itemprop=\"thumbnailUrl\" data-envira-srcset=\"https:\/\/www.martin-skalicky.cz\/wp-content\/uploads\/2018\/07\/moramorge030_1600x900ms-1024x684-640x480.jpg 400w,https:\/\/www.martin-skalicky.cz\/wp-content\/uploads\/2018\/07\/moramorge030_1600x900ms-1024x684-640x480.jpg 2x\" data-envira-width=\"300\" data-envira-height=\"200\" srcset=\"data:image\/gif;base64,R0lGODlhAQABAIAAAP\/\/\/\/\/\/\/yH5BAEKAAEALAAAAAABAAEAAAICTAEAOw==\" data-safe-src=\"data:image\/gif;base64,R0lGODlhAQABAIAAAP\/\/\/\/\/\/\/yH5BAEKAAEALAAAAAABAAEAAAICTAEAOw==\" \/><\/a><\/div><\/div><div id=\"envira-gallery-item-97\" class=\"envira-gallery-item enviratope-item envira-gallery-item-11 envira-lazy-load\" style=\"padding-left: 5px; padding-bottom: 10px; padding-right: 5px;\"  itemscope itemtype=\"https:\/\/schema.org\/ImageObject\"><div class=\"envira-gallery-item-inner\"><div class=\"envira-gallery-position-overlay  envira-gallery-top-left\"><\/div><div class=\"envira-gallery-position-overlay  envira-gallery-top-right\"><\/div><div class=\"envira-gallery-position-overlay  envira-gallery-bottom-left\"><\/div><div class=\"envira-gallery-position-overlay  envira-gallery-bottom-right\"><\/div><a href=\"http:\/\/moujique.savana-hosting.cz\/martinskalicky.cz\/wp-content\/uploads\/2018\/07\/moramorge040_1600x900ms.jpg\" class=\"envira-gallery-86 envira-gallery-link\" rel=\"enviragallery86\" title=\"mor. amor. ge. 2016\" data-envira-caption=\"mor. amor. ge. 2016\" data-envira-retina=\"\" data-thumbnail=\"\"  itemprop=\"contentUrl\"><img decoding=\"async\" id=\"envira-gallery-image-97\" class=\"envira-gallery-image envira-gallery-image-11 envira-normal envira-lazy\" data-envira-index=\"11\" src=\"https:\/\/www.martin-skalicky.cz\/wp-content\/uploads\/2018\/07\/moramorge040_1600x900ms-1024x684-640x480.jpg\" data-envira-src=\"https:\/\/www.martin-skalicky.cz\/wp-content\/uploads\/2018\/07\/moramorge040_1600x900ms-1024x684-640x480.jpg\" data-envira-gallery-id=\"86\" data-envira-item-id=\"97\" data-envira-caption=\"mor. amor. ge. 2016\" alt=\"\" title=\"mor. amor. ge. 2016\"  itemprop=\"thumbnailUrl\" data-envira-srcset=\"https:\/\/www.martin-skalicky.cz\/wp-content\/uploads\/2018\/07\/moramorge040_1600x900ms-1024x684-640x480.jpg 400w,https:\/\/www.martin-skalicky.cz\/wp-content\/uploads\/2018\/07\/moramorge040_1600x900ms-1024x684-640x480.jpg 2x\" data-envira-width=\"300\" data-envira-height=\"200\" srcset=\"data:image\/gif;base64,R0lGODlhAQABAIAAAP\/\/\/\/\/\/\/yH5BAEKAAEALAAAAAABAAEAAAICTAEAOw==\" data-safe-src=\"data:image\/gif;base64,R0lGODlhAQABAIAAAP\/\/\/\/\/\/\/yH5BAEKAAEALAAAAAABAAEAAAICTAEAOw==\" \/><\/a><\/div><\/div><\/div><\/div><noscript><img decoding=\"async\" src=\"https:\/\/www.martin-skalicky.cz\/wp-content\/uploads\/2018\/07\/moramorge004_1600x900ms.jpg\" alt=\"\" \/><img decoding=\"async\" src=\"https:\/\/www.martin-skalicky.cz\/wp-content\/uploads\/2018\/07\/moramorge005_1600x900ms.jpg\" alt=\"210 cm\" \/><img decoding=\"async\" src=\"https:\/\/www.martin-skalicky.cz\/wp-content\/uploads\/2018\/07\/moramorge006_1600x900ms.jpg\" alt=\"\" \/><img decoding=\"async\" src=\"https:\/\/www.martin-skalicky.cz\/wp-content\/uploads\/2018\/07\/moramorge009_1600x900ms.jpg\" alt=\"temn\u00fd d\u00e9mon, adolescen. temno\" \/><img decoding=\"async\" src=\"https:\/\/www.martin-skalicky.cz\/wp-content\/uploads\/2018\/07\/moramorge014_1600x900ms.jpg\" alt=\"\" \/><img decoding=\"async\" src=\"https:\/\/www.martin-skalicky.cz\/wp-content\/uploads\/2018\/07\/moramorge017_1600x900ms.jpg\" alt=\"\" \/><img decoding=\"async\" src=\"https:\/\/www.martin-skalicky.cz\/wp-content\/uploads\/2018\/07\/moramorge020_1600x900ms.jpg\" alt=\"\" \/><img decoding=\"async\" src=\"https:\/\/www.martin-skalicky.cz\/wp-content\/uploads\/2018\/07\/moramorge025_1600x900ms.jpg\" alt=\"\" \/><img decoding=\"async\" src=\"https:\/\/www.martin-skalicky.cz\/wp-content\/uploads\/2018\/07\/moramorge027_1600x900ms.jpg\" alt=\"\" \/><img decoding=\"async\" src=\"https:\/\/www.martin-skalicky.cz\/wp-content\/uploads\/2018\/07\/moramorge030_1600x900ms.jpg\" alt=\"\" \/><img decoding=\"async\" src=\"https:\/\/www.martin-skalicky.cz\/wp-content\/uploads\/2018\/07\/moramorge040_1600x900ms.jpg\" alt=\"\" \/><\/noscript>\n","protected":false},"excerpt":{"rendered":"","protected":false},"author":1,"featured_media":0,"parent":0,"menu_order":0,"comment_status":"closed","ping_status":"closed","template":"","meta":{"footnotes":""},"class_list":["post-58","page","type-page","status-publish","hentry"],"_links":{"self":[{"href":"https:\/\/www.martin-skalicky.cz\/index.php?rest_route=\/wp\/v2\/pages\/58","targetHints":{"allow":["GET"]}}],"collection":[{"href":"https:\/\/www.martin-skalicky.cz\/index.php?rest_route=\/wp\/v2\/pages"}],"about":[{"href":"https:\/\/www.martin-skalicky.cz\/index.php?rest_route=\/wp\/v2\/types\/page"}],"author":[{"embeddable":true,"href":"https:\/\/www.martin-skalicky.cz\/index.php?rest_route=\/wp\/v2\/users\/1"}],"replies":[{"embeddable":true,"href":"https:\/\/www.martin-skalicky.cz\/index.php?rest_route=%2Fwp%2Fv2%2Fcomments&post=58"}],"version-history":[{"count":2,"href":"https:\/\/www.martin-skalicky.cz\/index.php?rest_route=\/wp\/v2\/pages\/58\/revisions"}],"predecessor-version":[{"id":98,"href":"https:\/\/www.martin-skalicky.cz\/index.php?rest_route=\/wp\/v2\/pages\/58\/revisions\/98"}],"wp:attachment":[{"href":"https:\/\/www.martin-skalicky.cz\/index.php?rest_route=%2Fwp%2Fv2%2Fmedia&parent=58"}],"curies":[{"name":"wp","href":"https:\/\/api.w.org\/{rel}","templated":true}]}}