{"id":467,"date":"2020-02-18T09:00:07","date_gmt":"2020-02-18T09:00:07","guid":{"rendered":"http:\/\/www.martin-skalicky.cz\/?page_id=467"},"modified":"2020-02-18T09:00:08","modified_gmt":"2020-02-18T09:00:08","slug":"banalities","status":"publish","type":"page","link":"https:\/\/www.martin-skalicky.cz\/?page_id=467&lang=en","title":{"rendered":"banalities"},"content":{"rendered":"\n<div id=\"envira-gallery-wrap-76\" class=\"envira-gallery-wrap envira-gallery-theme-base envira-lightbox-theme-base\" itemscope itemtype=\"https:\/\/schema.org\/ImageGallery\"><div data-row-height=\"150\" data-gallery-theme=\"normal\" id=\"envira-gallery-76\" class=\"envira-gallery-public envira-gallery-justified-public envira-gallery-0-columns envira-clear enviratope envira-gallery-css-animations\" data-envira-columns=\"0\"><div id=\"envira-gallery-item-77\" class=\"envira-gallery-item enviratope-item envira-gallery-item-1 envira-lazy-load\" style=\"padding-left: 5px; padding-bottom: 10px; padding-right: 5px;\"  itemscope itemtype=\"https:\/\/schema.org\/ImageObject\"><div class=\"envira-gallery-item-inner\"><div class=\"envira-gallery-position-overlay  envira-gallery-top-left\"><\/div><div class=\"envira-gallery-position-overlay  envira-gallery-top-right\"><\/div><div class=\"envira-gallery-position-overlay  envira-gallery-bottom-left\"><\/div><div class=\"envira-gallery-position-overlay  envira-gallery-bottom-right\"><\/div><a href=\"http:\/\/moujique.savana-hosting.cz\/martinskalicky.cz\/wp-content\/uploads\/2018\/07\/01-zena_1600x900ms.jpg\" class=\"envira-gallery-76 envira-gallery-link\" rel=\"enviragallery76\" title=\"\u017dena 2004\" data-envira-caption=\"\u017dena 2004\" data-envira-retina=\"\" data-thumbnail=\"\"  itemprop=\"contentUrl\"><img decoding=\"async\" id=\"envira-gallery-image-77\" class=\"envira-gallery-image envira-gallery-image-1 envira-normal envira-lazy\" data-envira-index=\"1\" src=\"https:\/\/www.martin-skalicky.cz\/wp-content\/uploads\/2018\/07\/01-zena_1600x900ms-640x480.jpg\" data-envira-src=\"https:\/\/www.martin-skalicky.cz\/wp-content\/uploads\/2018\/07\/01-zena_1600x900ms-640x480.jpg\" data-envira-gallery-id=\"76\" data-envira-item-id=\"77\" data-envira-caption=\"\u017dena 2004\" alt=\"\" title=\"\u017dena 2004\"  itemprop=\"thumbnailUrl\" data-envira-srcset=\"https:\/\/www.martin-skalicky.cz\/wp-content\/uploads\/2018\/07\/01-zena_1600x900ms-640x480.jpg 400w,https:\/\/www.martin-skalicky.cz\/wp-content\/uploads\/2018\/07\/01-zena_1600x900ms-640x480.jpg 2x\" data-envira-width=\"214\" data-envira-height=\"300\" srcset=\"data:image\/gif;base64,R0lGODlhAQABAIAAAP\/\/\/\/\/\/\/yH5BAEKAAEALAAAAAABAAEAAAICTAEAOw==\" data-safe-src=\"data:image\/gif;base64,R0lGODlhAQABAIAAAP\/\/\/\/\/\/\/yH5BAEKAAEALAAAAAABAAEAAAICTAEAOw==\" \/><\/a><\/div><\/div><div id=\"envira-gallery-item-78\" class=\"envira-gallery-item enviratope-item envira-gallery-item-2 envira-lazy-load\" style=\"padding-left: 5px; padding-bottom: 10px; padding-right: 5px;\"  itemscope itemtype=\"https:\/\/schema.org\/ImageObject\"><div class=\"envira-gallery-item-inner\"><div class=\"envira-gallery-position-overlay  envira-gallery-top-left\"><\/div><div class=\"envira-gallery-position-overlay  envira-gallery-top-right\"><\/div><div class=\"envira-gallery-position-overlay  envira-gallery-bottom-left\"><\/div><div class=\"envira-gallery-position-overlay  envira-gallery-bottom-right\"><\/div><a href=\"http:\/\/moujique.savana-hosting.cz\/martinskalicky.cz\/wp-content\/uploads\/2018\/07\/02-amerika_1600x900ms.jpg\" class=\"envira-gallery-76 envira-gallery-link\" rel=\"enviragallery76\" title=\"Amerika 2004\" data-envira-caption=\"Amerika 2004\" data-envira-retina=\"\" data-thumbnail=\"\"  itemprop=\"contentUrl\"><img decoding=\"async\" id=\"envira-gallery-image-78\" class=\"envira-gallery-image envira-gallery-image-2 envira-normal envira-lazy\" data-envira-index=\"2\" src=\"https:\/\/www.martin-skalicky.cz\/wp-content\/uploads\/2018\/07\/02-amerika_1600x900ms-640x480.jpg\" data-envira-src=\"https:\/\/www.martin-skalicky.cz\/wp-content\/uploads\/2018\/07\/02-amerika_1600x900ms-640x480.jpg\" data-envira-gallery-id=\"76\" data-envira-item-id=\"78\" data-envira-caption=\"Amerika 2004\" alt=\"\" title=\"Amerika 2004\"  itemprop=\"thumbnailUrl\" data-envira-srcset=\"https:\/\/www.martin-skalicky.cz\/wp-content\/uploads\/2018\/07\/02-amerika_1600x900ms-640x480.jpg 400w,https:\/\/www.martin-skalicky.cz\/wp-content\/uploads\/2018\/07\/02-amerika_1600x900ms-640x480.jpg 2x\" data-envira-width=\"201\" data-envira-height=\"300\" srcset=\"data:image\/gif;base64,R0lGODlhAQABAIAAAP\/\/\/\/\/\/\/yH5BAEKAAEALAAAAAABAAEAAAICTAEAOw==\" data-safe-src=\"data:image\/gif;base64,R0lGODlhAQABAIAAAP\/\/\/\/\/\/\/yH5BAEKAAEALAAAAAABAAEAAAICTAEAOw==\" \/><\/a><\/div><\/div><div id=\"envira-gallery-item-79\" class=\"envira-gallery-item enviratope-item envira-gallery-item-3 envira-lazy-load\" style=\"padding-left: 5px; padding-bottom: 10px; padding-right: 5px;\"  itemscope itemtype=\"https:\/\/schema.org\/ImageObject\"><div class=\"envira-gallery-item-inner\"><div class=\"envira-gallery-position-overlay  envira-gallery-top-left\"><\/div><div class=\"envira-gallery-position-overlay  envira-gallery-top-right\"><\/div><div class=\"envira-gallery-position-overlay  envira-gallery-bottom-left\"><\/div><div class=\"envira-gallery-position-overlay  envira-gallery-bottom-right\"><\/div><a href=\"http:\/\/moujique.savana-hosting.cz\/martinskalicky.cz\/wp-content\/uploads\/2018\/07\/03-amerika-detail_1600x900ms.jpg\" class=\"envira-gallery-76 envira-gallery-link\" rel=\"enviragallery76\" title=\"Amerika (detail) 2004\" data-envira-caption=\"Amerika (detail) 2004\" data-envira-retina=\"\" data-thumbnail=\"\"  itemprop=\"contentUrl\"><img decoding=\"async\" id=\"envira-gallery-image-79\" class=\"envira-gallery-image envira-gallery-image-3 envira-normal envira-lazy\" data-envira-index=\"3\" src=\"https:\/\/www.martin-skalicky.cz\/wp-content\/uploads\/2018\/07\/03-amerika-detail_1600x900ms-640x480.jpg\" data-envira-src=\"https:\/\/www.martin-skalicky.cz\/wp-content\/uploads\/2018\/07\/03-amerika-detail_1600x900ms-640x480.jpg\" data-envira-gallery-id=\"76\" data-envira-item-id=\"79\" data-envira-caption=\"Amerika (detail) 2004\" alt=\"\" title=\"Amerika (detail) 2004\"  itemprop=\"thumbnailUrl\" data-envira-srcset=\"https:\/\/www.martin-skalicky.cz\/wp-content\/uploads\/2018\/07\/03-amerika-detail_1600x900ms-640x480.jpg 400w,https:\/\/www.martin-skalicky.cz\/wp-content\/uploads\/2018\/07\/03-amerika-detail_1600x900ms-640x480.jpg 2x\" data-envira-width=\"202\" data-envira-height=\"300\" srcset=\"data:image\/gif;base64,R0lGODlhAQABAIAAAP\/\/\/\/\/\/\/yH5BAEKAAEALAAAAAABAAEAAAICTAEAOw==\" data-safe-src=\"data:image\/gif;base64,R0lGODlhAQABAIAAAP\/\/\/\/\/\/\/yH5BAEKAAEALAAAAAABAAEAAAICTAEAOw==\" \/><\/a><\/div><\/div><div id=\"envira-gallery-item-80\" class=\"envira-gallery-item enviratope-item envira-gallery-item-4 envira-lazy-load\" style=\"padding-left: 5px; padding-bottom: 10px; padding-right: 5px;\"  itemscope itemtype=\"https:\/\/schema.org\/ImageObject\"><div class=\"envira-gallery-item-inner\"><div class=\"envira-gallery-position-overlay  envira-gallery-top-left\"><\/div><div class=\"envira-gallery-position-overlay  envira-gallery-top-right\"><\/div><div class=\"envira-gallery-position-overlay  envira-gallery-bottom-left\"><\/div><div class=\"envira-gallery-position-overlay  envira-gallery-bottom-right\"><\/div><a href=\"http:\/\/moujique.savana-hosting.cz\/martinskalicky.cz\/wp-content\/uploads\/2018\/07\/04-jezis_1600x900ms.jpg\" class=\"envira-gallery-76 envira-gallery-link\" rel=\"enviragallery76\" title=\"Je\u017e&iacute;&scaron; 2004\" data-envira-caption=\"Je\u017e&iacute;&scaron; 2004\" data-envira-retina=\"\" data-thumbnail=\"\"  itemprop=\"contentUrl\"><img decoding=\"async\" id=\"envira-gallery-image-80\" class=\"envira-gallery-image envira-gallery-image-4 envira-normal envira-lazy\" data-envira-index=\"4\" src=\"https:\/\/www.martin-skalicky.cz\/wp-content\/uploads\/2018\/07\/04-jezis_1600x900ms-640x480.jpg\" data-envira-src=\"https:\/\/www.martin-skalicky.cz\/wp-content\/uploads\/2018\/07\/04-jezis_1600x900ms-640x480.jpg\" data-envira-gallery-id=\"76\" data-envira-item-id=\"80\" data-envira-caption=\"Je\u017e&iacute;&scaron; 2004\" alt=\"\" title=\"Je\u017e\u00ed\u0161 2004\"  itemprop=\"thumbnailUrl\" data-envira-srcset=\"https:\/\/www.martin-skalicky.cz\/wp-content\/uploads\/2018\/07\/04-jezis_1600x900ms-640x480.jpg 400w,https:\/\/www.martin-skalicky.cz\/wp-content\/uploads\/2018\/07\/04-jezis_1600x900ms-640x480.jpg 2x\" data-envira-width=\"300\" data-envira-height=\"300\" srcset=\"data:image\/gif;base64,R0lGODlhAQABAIAAAP\/\/\/\/\/\/\/yH5BAEKAAEALAAAAAABAAEAAAICTAEAOw==\" data-safe-src=\"data:image\/gif;base64,R0lGODlhAQABAIAAAP\/\/\/\/\/\/\/yH5BAEKAAEALAAAAAABAAEAAAICTAEAOw==\" \/><\/a><\/div><\/div><div id=\"envira-gallery-item-81\" class=\"envira-gallery-item enviratope-item envira-gallery-item-5 envira-lazy-load\" style=\"padding-left: 5px; padding-bottom: 10px; padding-right: 5px;\"  itemscope itemtype=\"https:\/\/schema.org\/ImageObject\"><div class=\"envira-gallery-item-inner\"><div class=\"envira-gallery-position-overlay  envira-gallery-top-left\"><\/div><div class=\"envira-gallery-position-overlay  envira-gallery-top-right\"><\/div><div class=\"envira-gallery-position-overlay  envira-gallery-bottom-left\"><\/div><div class=\"envira-gallery-position-overlay  envira-gallery-bottom-right\"><\/div><a href=\"http:\/\/moujique.savana-hosting.cz\/martinskalicky.cz\/wp-content\/uploads\/2018\/07\/05-jezis_detail_1600x900ms.jpg\" class=\"envira-gallery-76 envira-gallery-link\" rel=\"enviragallery76\" title=\"Je\u017e&iacute;&scaron; (detail) 2004\" data-envira-caption=\"Je\u017e&iacute;&scaron; (detail) 2004\" data-envira-retina=\"\" data-thumbnail=\"\"  itemprop=\"contentUrl\"><img decoding=\"async\" id=\"envira-gallery-image-81\" class=\"envira-gallery-image envira-gallery-image-5 envira-normal envira-lazy\" data-envira-index=\"5\" src=\"https:\/\/www.martin-skalicky.cz\/wp-content\/uploads\/2018\/07\/05-jezis_detail_1600x900ms-640x480.jpg\" data-envira-src=\"https:\/\/www.martin-skalicky.cz\/wp-content\/uploads\/2018\/07\/05-jezis_detail_1600x900ms-640x480.jpg\" data-envira-gallery-id=\"76\" data-envira-item-id=\"81\" data-envira-caption=\"Je\u017e&iacute;&scaron; (detail) 2004\" alt=\"\" title=\"Je\u017e\u00ed\u0161 (detail) 2004\"  itemprop=\"thumbnailUrl\" data-envira-srcset=\"https:\/\/www.martin-skalicky.cz\/wp-content\/uploads\/2018\/07\/05-jezis_detail_1600x900ms-640x480.jpg 400w,https:\/\/www.martin-skalicky.cz\/wp-content\/uploads\/2018\/07\/05-jezis_detail_1600x900ms-640x480.jpg 2x\" data-envira-width=\"300\" data-envira-height=\"200\" srcset=\"data:image\/gif;base64,R0lGODlhAQABAIAAAP\/\/\/\/\/\/\/yH5BAEKAAEALAAAAAABAAEAAAICTAEAOw==\" data-safe-src=\"data:image\/gif;base64,R0lGODlhAQABAIAAAP\/\/\/\/\/\/\/yH5BAEKAAEALAAAAAABAAEAAAICTAEAOw==\" \/><\/a><\/div><\/div><div id=\"envira-gallery-item-82\" class=\"envira-gallery-item enviratope-item envira-gallery-item-6 envira-lazy-load\" style=\"padding-left: 5px; padding-bottom: 10px; padding-right: 5px;\"  itemscope itemtype=\"https:\/\/schema.org\/ImageObject\"><div class=\"envira-gallery-item-inner\"><div class=\"envira-gallery-position-overlay  envira-gallery-top-left\"><\/div><div class=\"envira-gallery-position-overlay  envira-gallery-top-right\"><\/div><div class=\"envira-gallery-position-overlay  envira-gallery-bottom-left\"><\/div><div class=\"envira-gallery-position-overlay  envira-gallery-bottom-right\"><\/div><a href=\"http:\/\/moujique.savana-hosting.cz\/martinskalicky.cz\/wp-content\/uploads\/2018\/07\/06-panna-marie_1600x900ms.jpg\" class=\"envira-gallery-76 envira-gallery-link\" rel=\"enviragallery76\" title=\"Panna Marie 2004\" data-envira-caption=\"Panna Marie 2004\" data-envira-retina=\"\" data-thumbnail=\"\"  itemprop=\"contentUrl\"><img decoding=\"async\" id=\"envira-gallery-image-82\" class=\"envira-gallery-image envira-gallery-image-6 envira-normal envira-lazy\" data-envira-index=\"6\" src=\"https:\/\/www.martin-skalicky.cz\/wp-content\/uploads\/2018\/07\/06-panna-marie_1600x900ms-640x480.jpg\" data-envira-src=\"https:\/\/www.martin-skalicky.cz\/wp-content\/uploads\/2018\/07\/06-panna-marie_1600x900ms-640x480.jpg\" data-envira-gallery-id=\"76\" data-envira-item-id=\"82\" data-envira-caption=\"Panna Marie 2004\" alt=\"\" title=\"Panna Marie 2004\"  itemprop=\"thumbnailUrl\" data-envira-srcset=\"https:\/\/www.martin-skalicky.cz\/wp-content\/uploads\/2018\/07\/06-panna-marie_1600x900ms-640x480.jpg 400w,https:\/\/www.martin-skalicky.cz\/wp-content\/uploads\/2018\/07\/06-panna-marie_1600x900ms-640x480.jpg 2x\" data-envira-width=\"201\" data-envira-height=\"300\" srcset=\"data:image\/gif;base64,R0lGODlhAQABAIAAAP\/\/\/\/\/\/\/yH5BAEKAAEALAAAAAABAAEAAAICTAEAOw==\" data-safe-src=\"data:image\/gif;base64,R0lGODlhAQABAIAAAP\/\/\/\/\/\/\/yH5BAEKAAEALAAAAAABAAEAAAICTAEAOw==\" \/><\/a><\/div><\/div><div id=\"envira-gallery-item-83\" class=\"envira-gallery-item enviratope-item envira-gallery-item-7 envira-lazy-load\" style=\"padding-left: 5px; padding-bottom: 10px; padding-right: 5px;\"  itemscope itemtype=\"https:\/\/schema.org\/ImageObject\"><div class=\"envira-gallery-item-inner\"><div class=\"envira-gallery-position-overlay  envira-gallery-top-left\"><\/div><div class=\"envira-gallery-position-overlay  envira-gallery-top-right\"><\/div><div class=\"envira-gallery-position-overlay  envira-gallery-bottom-left\"><\/div><div class=\"envira-gallery-position-overlay  envira-gallery-bottom-right\"><\/div><a href=\"http:\/\/moujique.savana-hosting.cz\/martinskalicky.cz\/wp-content\/uploads\/2018\/07\/07-jaro_1600x900ms.jpg\" class=\"envira-gallery-76 envira-gallery-link\" rel=\"enviragallery76\" title=\"Jaro 2004\" data-envira-caption=\"Jaro 2004\" data-envira-retina=\"\" data-thumbnail=\"\"  itemprop=\"contentUrl\"><img decoding=\"async\" id=\"envira-gallery-image-83\" class=\"envira-gallery-image envira-gallery-image-7 envira-normal envira-lazy\" data-envira-index=\"7\" src=\"https:\/\/www.martin-skalicky.cz\/wp-content\/uploads\/2018\/07\/07-jaro_1600x900ms-640x480.jpg\" data-envira-src=\"https:\/\/www.martin-skalicky.cz\/wp-content\/uploads\/2018\/07\/07-jaro_1600x900ms-640x480.jpg\" data-envira-gallery-id=\"76\" data-envira-item-id=\"83\" data-envira-caption=\"Jaro 2004\" alt=\"\" title=\"Jaro 2004\"  itemprop=\"thumbnailUrl\" data-envira-srcset=\"https:\/\/www.martin-skalicky.cz\/wp-content\/uploads\/2018\/07\/07-jaro_1600x900ms-640x480.jpg 400w,https:\/\/www.martin-skalicky.cz\/wp-content\/uploads\/2018\/07\/07-jaro_1600x900ms-640x480.jpg 2x\" data-envira-width=\"198\" data-envira-height=\"300\" srcset=\"data:image\/gif;base64,R0lGODlhAQABAIAAAP\/\/\/\/\/\/\/yH5BAEKAAEALAAAAAABAAEAAAICTAEAOw==\" data-safe-src=\"data:image\/gif;base64,R0lGODlhAQABAIAAAP\/\/\/\/\/\/\/yH5BAEKAAEALAAAAAABAAEAAAICTAEAOw==\" \/><\/a><\/div><\/div><div id=\"envira-gallery-item-84\" class=\"envira-gallery-item enviratope-item envira-gallery-item-8 envira-lazy-load\" style=\"padding-left: 5px; padding-bottom: 10px; padding-right: 5px;\"  itemscope itemtype=\"https:\/\/schema.org\/ImageObject\"><div class=\"envira-gallery-item-inner\"><div class=\"envira-gallery-position-overlay  envira-gallery-top-left\"><\/div><div class=\"envira-gallery-position-overlay  envira-gallery-top-right\"><\/div><div class=\"envira-gallery-position-overlay  envira-gallery-bottom-left\"><\/div><div class=\"envira-gallery-position-overlay  envira-gallery-bottom-right\"><\/div><a href=\"http:\/\/moujique.savana-hosting.cz\/martinskalicky.cz\/wp-content\/uploads\/2018\/07\/08-jaro-detail_1600x900ms.jpg\" class=\"envira-gallery-76 envira-gallery-link\" rel=\"enviragallery76\" title=\"Jaro (detail) 2004\" data-envira-caption=\"Jaro (detail) 2004\" data-envira-retina=\"\" data-thumbnail=\"\"  itemprop=\"contentUrl\"><img decoding=\"async\" id=\"envira-gallery-image-84\" class=\"envira-gallery-image envira-gallery-image-8 envira-normal envira-lazy\" data-envira-index=\"8\" src=\"https:\/\/www.martin-skalicky.cz\/wp-content\/uploads\/2018\/07\/08-jaro-detail_1600x900ms-640x480.jpg\" data-envira-src=\"https:\/\/www.martin-skalicky.cz\/wp-content\/uploads\/2018\/07\/08-jaro-detail_1600x900ms-640x480.jpg\" data-envira-gallery-id=\"76\" data-envira-item-id=\"84\" data-envira-caption=\"Jaro (detail) 2004\" alt=\"\" title=\"Jaro (detail) 2004\"  itemprop=\"thumbnailUrl\" data-envira-srcset=\"https:\/\/www.martin-skalicky.cz\/wp-content\/uploads\/2018\/07\/08-jaro-detail_1600x900ms-640x480.jpg 400w,https:\/\/www.martin-skalicky.cz\/wp-content\/uploads\/2018\/07\/08-jaro-detail_1600x900ms-640x480.jpg 2x\" data-envira-width=\"200\" data-envira-height=\"300\" srcset=\"data:image\/gif;base64,R0lGODlhAQABAIAAAP\/\/\/\/\/\/\/yH5BAEKAAEALAAAAAABAAEAAAICTAEAOw==\" data-safe-src=\"data:image\/gif;base64,R0lGODlhAQABAIAAAP\/\/\/\/\/\/\/yH5BAEKAAEALAAAAAABAAEAAAICTAEAOw==\" \/><\/a><\/div><\/div><div id=\"envira-gallery-item-85\" class=\"envira-gallery-item enviratope-item envira-gallery-item-9 envira-lazy-load\" style=\"padding-left: 5px; padding-bottom: 10px; padding-right: 5px;\"  itemscope itemtype=\"https:\/\/schema.org\/ImageObject\"><div class=\"envira-gallery-item-inner\"><div class=\"envira-gallery-position-overlay  envira-gallery-top-left\"><\/div><div class=\"envira-gallery-position-overlay  envira-gallery-top-right\"><\/div><div class=\"envira-gallery-position-overlay  envira-gallery-bottom-left\"><\/div><div class=\"envira-gallery-position-overlay  envira-gallery-bottom-right\"><\/div><a href=\"http:\/\/moujique.savana-hosting.cz\/martinskalicky.cz\/wp-content\/uploads\/2018\/07\/09-kominicek_1600x900ms.jpg\" class=\"envira-gallery-76 envira-gallery-link\" rel=\"enviragallery76\" title=\"Komin&iacute;\u010dek 2004\" data-envira-caption=\"Komin&iacute;\u010dek 2004\" data-envira-retina=\"\" data-thumbnail=\"\"  itemprop=\"contentUrl\"><img decoding=\"async\" id=\"envira-gallery-image-85\" class=\"envira-gallery-image envira-gallery-image-9 envira-normal envira-lazy\" data-envira-index=\"9\" src=\"https:\/\/www.martin-skalicky.cz\/wp-content\/uploads\/2018\/07\/09-kominicek_1600x900ms-640x480.jpg\" data-envira-src=\"https:\/\/www.martin-skalicky.cz\/wp-content\/uploads\/2018\/07\/09-kominicek_1600x900ms-640x480.jpg\" data-envira-gallery-id=\"76\" data-envira-item-id=\"85\" data-envira-caption=\"Komin&iacute;\u010dek 2004\" alt=\"\" title=\"Komin\u00ed\u010dek 2004\"  itemprop=\"thumbnailUrl\" data-envira-srcset=\"https:\/\/www.martin-skalicky.cz\/wp-content\/uploads\/2018\/07\/09-kominicek_1600x900ms-640x480.jpg 400w,https:\/\/www.martin-skalicky.cz\/wp-content\/uploads\/2018\/07\/09-kominicek_1600x900ms-640x480.jpg 2x\" data-envira-width=\"215\" data-envira-height=\"300\" srcset=\"data:image\/gif;base64,R0lGODlhAQABAIAAAP\/\/\/\/\/\/\/yH5BAEKAAEALAAAAAABAAEAAAICTAEAOw==\" data-safe-src=\"data:image\/gif;base64,R0lGODlhAQABAIAAAP\/\/\/\/\/\/\/yH5BAEKAAEALAAAAAABAAEAAAICTAEAOw==\" \/><\/a><\/div><\/div><\/div><\/div><noscript><img decoding=\"async\" src=\"https:\/\/www.martin-skalicky.cz\/wp-content\/uploads\/2018\/07\/01-zena_1600x900ms.jpg\" alt=\"\" \/><img decoding=\"async\" src=\"https:\/\/www.martin-skalicky.cz\/wp-content\/uploads\/2018\/07\/02-amerika_1600x900ms.jpg\" alt=\"\" \/><img decoding=\"async\" src=\"https:\/\/www.martin-skalicky.cz\/wp-content\/uploads\/2018\/07\/03-amerika-detail_1600x900ms.jpg\" alt=\"\" \/><img decoding=\"async\" src=\"https:\/\/www.martin-skalicky.cz\/wp-content\/uploads\/2018\/07\/04-jezis_1600x900ms.jpg\" alt=\"\" \/><img decoding=\"async\" src=\"https:\/\/www.martin-skalicky.cz\/wp-content\/uploads\/2018\/07\/05-jezis_detail_1600x900ms.jpg\" alt=\"\" \/><img decoding=\"async\" src=\"https:\/\/www.martin-skalicky.cz\/wp-content\/uploads\/2018\/07\/06-panna-marie_1600x900ms.jpg\" alt=\"\" \/><img decoding=\"async\" src=\"https:\/\/www.martin-skalicky.cz\/wp-content\/uploads\/2018\/07\/07-jaro_1600x900ms.jpg\" alt=\"\" \/><img decoding=\"async\" src=\"https:\/\/www.martin-skalicky.cz\/wp-content\/uploads\/2018\/07\/08-jaro-detail_1600x900ms.jpg\" alt=\"\" \/><img decoding=\"async\" src=\"https:\/\/www.martin-skalicky.cz\/wp-content\/uploads\/2018\/07\/09-kominicek_1600x900ms.jpg\" alt=\"\" \/><\/noscript>\n","protected":false},"excerpt":{"rendered":"","protected":false},"author":1,"featured_media":0,"parent":0,"menu_order":0,"comment_status":"closed","ping_status":"closed","template":"","meta":{"footnotes":""},"class_list":["post-467","page","type-page","status-publish","hentry"],"_links":{"self":[{"href":"https:\/\/www.martin-skalicky.cz\/index.php?rest_route=\/wp\/v2\/pages\/467","targetHints":{"allow":["GET"]}}],"collection":[{"href":"https:\/\/www.martin-skalicky.cz\/index.php?rest_route=\/wp\/v2\/pages"}],"about":[{"href":"https:\/\/www.martin-skalicky.cz\/index.php?rest_route=\/wp\/v2\/types\/page"}],"author":[{"embeddable":true,"href":"https:\/\/www.martin-skalicky.cz\/index.php?rest_route=\/wp\/v2\/users\/1"}],"replies":[{"embeddable":true,"href":"https:\/\/www.martin-skalicky.cz\/index.php?rest_route=%2Fwp%2Fv2%2Fcomments&post=467"}],"version-history":[{"count":1,"href":"https:\/\/www.martin-skalicky.cz\/index.php?rest_route=\/wp\/v2\/pages\/467\/revisions"}],"predecessor-version":[{"id":468,"href":"https:\/\/www.martin-skalicky.cz\/index.php?rest_route=\/wp\/v2\/pages\/467\/revisions\/468"}],"wp:attachment":[{"href":"https:\/\/www.martin-skalicky.cz\/index.php?rest_route=%2Fwp%2Fv2%2Fmedia&parent=467"}],"curies":[{"name":"wp","href":"https:\/\/api.w.org\/{rel}","templated":true}]}}